{"id":1383,"date":"2022-09-26T14:45:25","date_gmt":"2022-09-26T12:45:25","guid":{"rendered":"https:\/\/www.decorationhalloween.be\/neem-contact-op-met\/"},"modified":"2025-07-23T09:48:02","modified_gmt":"2025-07-23T07:48:02","slug":"neem-contact-op-met","status":"publish","type":"page","link":"https:\/\/www.decorationhalloween.be\/nl\/neem-contact-op-met\/","title":{"rendered":"Neem contact op met"},"content":{"rendered":"<p>[et_pb_section fb_built=&#8221;1&#8243; admin_label=&#8221;Header&#8221; _builder_version=&#8221;4.18.0&#8243; _module_preset=&#8221;default&#8221; background_image=&#8221;https:\/\/www.decorationhalloween.be\/wp-content\/uploads\/2023\/03\/decoration-jardin-halloween.jpg&#8221; background_size=&#8221;custom&#8221; background_image_width=&#8221;55%&#8221; background_position=&#8221;center_right&#8221; hover_enabled=&#8221;0&#8243; background_last_edited=&#8221;on|phone&#8221; background_size_tablet=&#8221;cover&#8221; background_image_width_phone=&#8221;90%&#8221; background_position_tablet=&#8221;center&#8221; overflow-x_tablet=&#8221;&#8221; overflow-x_phone=&#8221;hidden&#8221; overflow-x_last_edited=&#8221;on|phone&#8221; overflow-y_tablet=&#8221;&#8221; overflow-y_phone=&#8221;hidden&#8221; overflow-y_last_edited=&#8221;on|phone&#8221; collapsed=&#8221;on&#8221; global_colors_info=&#8221;{}&#8221; alt=&#8221;de\u0301coration jardin halloween&#8221; title_text=&#8221;de\u0301coration jardin halloween&#8221; sticky_enabled=&#8221;0&#8243;][et_pb_row column_structure=&#8221;3_5,2_5&#8243; _builder_version=&#8221;4.18.0&#8243; _module_preset=&#8221;default&#8221; global_colors_info=&#8221;{}&#8221;][et_pb_column type=&#8221;3_5&#8243; _builder_version=&#8221;4.18.0&#8243; _module_preset=&#8221;default&#8221; background_color=&#8221;#FFFFFF&#8221; custom_padding=&#8221;50px|50px|50px|50px|true|true&#8221; custom_padding_tablet=&#8221;30px|30px|30px|30px|true|true&#8221; custom_padding_phone=&#8221;20px|20px|20px|20px|true|true&#8221; custom_padding_last_edited=&#8221;on|desktop&#8221; global_colors_info=&#8221;{}&#8221;][et_pb_image src=&#8221;https:\/\/decorationhalloween.be\/wp-content\/uploads\/2022\/09\/real-estate-38.png&#8221; title_text=&#8221;onroerend goed-38&#8243; _builder_version=&#8221;4.18.0&#8243; _module_preset=&#8221;default&#8221; transform_translate=&#8221;99%|90%&#8221; transform_translate_linked=&#8221;off&#8221; positioning=&#8221;absolute&#8221; position_origin_a=&#8221;bottom_right&#8221; width=&#8221;20%&#8221; hover_enabled=&#8221;0&#8243; global_colors_info=&#8221;{}&#8221; sticky_enabled=&#8221;0&#8243;][\/et_pb_image][et_pb_text _builder_version=&#8221;4.18.0&#8243; _module_preset=&#8221;c16985e1-e0d6-4022-964d-e2bfc04fa633&#8243; header_font=&#8221;Playfair Display|700|||||||&#8221; header_text_color=&#8221;#000000&#8243; header_font_size=&#8221;75px&#8221; header_line_height=&#8221;1.1em&#8221; header_font_size_tablet=&#8221;40px&#8221; header_font_size_phone=&#8221;24px&#8221; header_font_size_last_edited=&#8221;on|desktop&#8221; global_colors_info=&#8221;{}&#8221;]<\/p>\n<h1>Neem contact op met<\/h1>\n<p>[\/et_pb_text][\/et_pb_column][et_pb_column type=&#8221;2_5&#8243; _builder_version=&#8221;4.18.0&#8243; _module_preset=&#8221;default&#8221; global_colors_info=&#8221;{}&#8221;][\/et_pb_column][\/et_pb_row][\/et_pb_section][et_pb_section fb_built=&#8221;1&#8243; admin_label=&#8221;Contact Form&#8221; _builder_version=&#8221;4.18.0&#8243; _module_preset=&#8221;default&#8221; custom_padding=&#8221;0px||0px||false|false&#8221; collapsed=&#8221;on&#8221; global_colors_info=&#8221;{}&#8221;][et_pb_row column_structure=&#8221;2_5,3_5&#8243; make_equal=&#8221;on&#8221; _builder_version=&#8221;4.18.0&#8243; _module_preset=&#8221;default&#8221; custom_padding=&#8221;0px||0px||false|false&#8221; box_shadow_style=&#8221;preset4&#8243; box_shadow_horizontal=&#8221;-30vw&#8221; box_shadow_vertical=&#8221;0px&#8221; box_shadow_color=&#8221;#000000&#8243; global_colors_info=&#8221;{}&#8221;][et_pb_column type=&#8221;2_5&#8243; _builder_version=&#8221;4.18.0&#8243; _module_preset=&#8221;default&#8221; background_color=&#8221;#000000&#8243; custom_padding=&#8221;50px|50px|50px||true|false&#8221; custom_padding_tablet=&#8221;30px|30px|30px|30px|true|false&#8221; custom_padding_phone=&#8221;20px|20px|20px|20px|true|true&#8221; custom_padding_last_edited=&#8221;on|phone&#8221; global_colors_info=&#8221;{}&#8221;][et_pb_text _builder_version=&#8221;4.18.0&#8243; _module_preset=&#8221;b327cbe4-b1d5-4b66-ad37-40c8f2f061ba&#8221; header_2_font=&#8221;Playfair Display|700|||||||&#8221; header_2_text_color=&#8221;#FFFFFF&#8221; header_2_font_size=&#8221;45px&#8221; header_2_line_height=&#8221;1.35em&#8221; header_2_font_size_tablet=&#8221;32px&#8221; header_2_font_size_phone=&#8221;20px&#8221; header_2_font_size_last_edited=&#8221;on|desktop&#8221; global_colors_info=&#8221;{}&#8221;]<\/p>\n<h2>Stuur ons een bericht<\/h2>\n<p>[\/et_pb_text][\/et_pb_column][et_pb_column type=&#8221;3_5&#8243; _builder_version=&#8221;4.18.0&#8243; _module_preset=&#8221;default&#8221; custom_padding=&#8221;10%||50px||false|false&#8221; custom_padding_tablet=&#8221;30px||30px|30px|true|false&#8221; custom_padding_phone=&#8221;20px||20px|20px|true|false&#8221; custom_padding_last_edited=&#8221;on|phone&#8221; global_colors_info=&#8221;{}&#8221;][dvppl_cf7_styler form_bg=&#8221;RGBA(255,255,255,0)&#8221; form_padding=&#8221;0px|0px|0px|0px|false|false&#8221; button_alignment=&#8221;right&#8221; cf7=&#8221;321&#8243; form_field_height=&#8221;55px&#8221; form_field_padding=&#8221;10px|15px|10px|15px|false|false&#8221; form_background_color=&#8221;RGBA(255,255,255,0)&#8221; form_field_active_color=&#8221;RGBA(255,255,255,0)&#8221; form_label_spacing=&#8221;8px&#8221; cf7_message_color=&#8221;#E09900&#8243; cf7_message_bg_color=&#8221;#000000&#8243; cf7_success_message_color=&#8221;#7CDA24&#8243; cf7_error_message_color=&#8221;#e09900&#8243; _builder_version=&#8221;4.18.0&#8243; _module_preset=&#8221;default&#8221; form_field_font_font=&#8221;||||||||&#8221; form_field_font_text_color=&#8221;#000000&#8243; form_field_font_font_size=&#8221;14px&#8221; form_field_font_line_height=&#8221;1em&#8221; labels_font=&#8221;Alata||||||||&#8221; labels_text_color=&#8221;#000000&#8243; labels_font_size=&#8221;15px&#8221; labels_letter_spacing=&#8221;1px&#8221; labels_line_height=&#8221;1em&#8221; placeholder_font=&#8221;||||||||&#8221; placeholder_text_color=&#8221;rgba(0,0,0,0.54)&#8221; placeholder_font_size=&#8221;15px&#8221; custom_submit_button=&#8221;on&#8221; submit_button_text_size=&#8221;15px&#8221; submit_button_text_color=&#8221;#FFFFFF&#8221; submit_button_bg_color=&#8221;#000000&#8243; submit_button_border_width=&#8221;0px&#8221; submit_button_border_radius=&#8221;0px&#8221; submit_button_letter_spacing=&#8221;2px&#8221; submit_button_font=&#8221;Alata|||on|||||&#8221; submit_button_custom_margin=&#8221;20px||||false|false&#8221; submit_button_custom_padding=&#8221;20px|50px|20px|50px|true|true&#8221; width=&#8221;100%&#8221; custom_margin=&#8221;||||false|false&#8221; custom_padding=&#8221;||||false|false&#8221; custom_css_cf7_fields=&#8221;margin-bottom: 20px;&#8221; border_width_all_field=&#8221;1px&#8221; border_color_all_field=&#8221;#000000&#8243; global_colors_info=&#8221;{}&#8221; submit_button_bg_color__hover_enabled=&#8221;on|hover&#8221; submit_button_bg_color__hover=&#8221;#f46425&#8243; submit_button_bg_enable_color__hover=&#8221;on&#8221; submit_button_text_color__hover_enabled=&#8221;on|hover&#8221; submit_button_text_color__hover=&#8221;#FFFFFF&#8221;][\/dvppl_cf7_styler][\/et_pb_column][\/et_pb_row][\/et_pb_section]<\/p>\n","protected":false},"excerpt":{"rendered":"<p>Neem contact op metStuur ons een bericht<div class=\"et_pb_with_border et_pb_module dvppl_cf7_styler dvppl_cf7_styler_0\">\n\t\t\t\t\n\t\t\t\t\n\t\t\t\t\n\t\t\t\t\n\t\t\t\t\n\t\t\t\t\n\t\t\t\t<div class=\"et_pb_module_inner\">\n\t\t\t\t\t<div class=\"dipe-cf7-container dipe-cf7-button-right\">\n\t\t\t\t\n\t\t\t\t<div class=\"dipe-cf7 dipe-cf7-styler \">\n\t\t\t\t\t\n<div class=\"wpcf7 no-js\" id=\"wpcf7-f1431-o1\" lang=\"nl-be\" dir=\"ltr\" data-wpcf7-id=\"1431\">\n<div class=\"screen-reader-response\"><p role=\"status\" aria-live=\"polite\" aria-atomic=\"true\"><\/p> <ul><\/ul><\/div>\n<form action=\"\/nl\/wp-json\/wp\/v2\/pages\/1383#wpcf7-f1431-o1\" method=\"post\" class=\"wpcf7-form init\" aria-label=\"Contact form\" novalidate=\"novalidate\" data-status=\"init\">\n<fieldset class=\"hidden-fields-container\"><input type=\"hidden\" name=\"_wpcf7\" value=\"1431\" \/><input type=\"hidden\" name=\"_wpcf7_version\" value=\"6.1.5\" \/><input type=\"hidden\" name=\"_wpcf7_locale\" value=\"\" \/><input type=\"hidden\" name=\"_wpcf7_unit_tag\" value=\"wpcf7-f1431-o1\" \/><input type=\"hidden\" name=\"_wpcf7_container_post\" value=\"0\" \/><input type=\"hidden\" name=\"_wpcf7_posted_data_hash\" value=\"\" \/>\n<\/fieldset>\n<div class=\"wf-container\">\n\t\t<div class=\"wf-cell wf-1-2\">\n\t\t\t<p>\n\t\t\t\t<label style=\"display: none;\">Naam *<\/label>\n <span class=\"wpcf7-form-control-wrap\" data-name=\"name\"><input size=\"40\" maxlength=\"400\" class=\"wpcf7-form-control wpcf7-text wpcf7-validates-as-required\" aria-required=\"true\" aria-invalid=\"false\" placeholder=\"Naam *\" value=\"\" type=\"text\" name=\"name\" \/><\/span>\n\t\t\t<\/p>\n\t\t<\/div>\n\t\t<div class=\"wf-cell wf-1-2\">\n\t\t\t<p>\n\t\t\t\t<label style=\"display: none;\">Voornaam *<\/label>\n <span class=\"wpcf7-form-control-wrap\" data-name=\"voornaam\"><input size=\"40\" maxlength=\"400\" class=\"wpcf7-form-control wpcf7-text wpcf7-validates-as-required\" aria-required=\"true\" aria-invalid=\"false\" placeholder=\"Voornaam *\" value=\"\" type=\"text\" name=\"voornaam\" \/><\/span>\n\t\t\t<\/p>\n\t\t<\/div>\n\t\t<div class=\"wf-cell wf-1-1\">\n\t\t\t<p>\n\t\t\t\t<label style=\"display: none;\">E-mailadres *<\/label>\n <span class=\"wpcf7-form-control-wrap\" data-name=\"email\"><input size=\"40\" maxlength=\"400\" class=\"wpcf7-form-control wpcf7-email wpcf7-validates-as-required wpcf7-text wpcf7-validates-as-email\" aria-required=\"true\" aria-invalid=\"false\" placeholder=\"E-mailadres *\" value=\"\" type=\"email\" name=\"email\" \/><\/span>\n\t\t\t<\/p>\n\t\t<\/div>\n\t\t<div class=\"wf-cell wf-1-1\" style=\"margin-bottom: 20px;\">\n\t\t\t<p>\n\t\t\t\t<label style=\"display: none;\">Bericht *<\/label>\n <span class=\"wpcf7-form-control-wrap\" data-name=\"bericht\"><textarea cols=\"1\" rows=\"7\" maxlength=\"2000\" class=\"wpcf7-form-control wpcf7-textarea wpcf7-validates-as-required\" aria-required=\"true\" aria-invalid=\"false\" placeholder=\"Uw bericht *\" name=\"bericht\"><\/textarea><\/span>\n\t\t\t<\/p>\n\t\t<\/div>\n\t\t<div class=\"wf-cell wf-1-1\">\n\t\t\t<p>Door dit formulier te versturen, gaat u ermee akkoord dat Decoratie-Halloween de verzamelde informatie opslaat en gebruikt om uw aanvraag te verwerken. Als u meer wilt weten over ons privacybeleid, kunt u dat <a href=\"https:\/\/decorationhalloween.be\/politique-de-confidentialite\/\" target=\"_blank\">hier<\/a> vinden. <\/p>\n\n\t\t\t<p><span class=\"wpcf7-form-control-wrap\" data-name=\"privacy\"><span class=\"wpcf7-form-control wpcf7-acceptance\"><span class=\"wpcf7-list-item\"><label><input type=\"checkbox\" name=\"privacy\" value=\"1\" aria-invalid=\"false\" \/><span class=\"wpcf7-list-item-label\">Ja, ik geef toestemming<\/span><\/label><\/span><\/span><\/span><\/p>\n\n\t\t\t<p><button class=\"wpcf7-form-control wpcf7-submit has-spinner et_pb_button et_pb_bg_layout_light\" type=\"submit\" value=\"Stuur\">Stuur<\/button><\/p>\n\n\t\t\t<style>\n\t\t\t.grecaptcha-badge{display:block;}\n\t\t\t<\/style>\n\t\t<\/div>\n<\/div><div class=\"wpcf7-response-output\" aria-hidden=\"true\"><\/div>\n<\/form>\n<\/div>\n\n\t\t\t\t<\/div>\n\t\t\t<\/div>\n\t\t\t\t<\/div>\n\t\t\t<\/div><\/p>\n","protected":false},"author":3,"featured_media":0,"parent":0,"menu_order":0,"comment_status":"closed","ping_status":"closed","template":"","meta":{"_et_pb_use_builder":"on","_et_pb_old_content":"","_et_gb_content_width":"","footnotes":""},"class_list":["post-1383","page","type-page","status-publish","hentry"],"yoast_head":"<!-- This site is optimized with the Yoast SEO plugin v27.4 - https:\/\/yoast.com\/product\/yoast-seo-wordpress\/ -->\n<title>Neem contact op met - D\u00e9coration Halloween<\/title>\n<meta name=\"robots\" content=\"index, follow, max-snippet:-1, max-image-preview:large, max-video-preview:-1\" \/>\n<link rel=\"canonical\" href=\"https:\/\/www.decorationhalloween.be\/nl\/neem-contact-op-met\/\" \/>\n<meta property=\"og:locale\" content=\"nl_NL\" \/>\n<meta property=\"og:type\" content=\"article\" \/>\n<meta property=\"og:title\" content=\"Neem contact op met - D\u00e9coration Halloween\" \/>\n<meta property=\"og:description\" content=\"Neem contact op metStuur ons een bericht\" \/>\n<meta property=\"og:url\" content=\"https:\/\/www.decorationhalloween.be\/nl\/neem-contact-op-met\/\" \/>\n<meta property=\"og:site_name\" content=\"D\u00e9coration Halloween\" \/>\n<meta property=\"article:modified_time\" content=\"2025-07-23T07:48:02+00:00\" \/>\n<meta name=\"twitter:card\" content=\"summary_large_image\" \/>\n<meta name=\"twitter:label1\" content=\"Est. reading time\" \/>\n\t<meta name=\"twitter:data1\" content=\"4 minutes\" \/>\n<script type=\"application\/ld+json\" class=\"yoast-schema-graph\">{\"@context\":\"https:\\\/\\\/schema.org\",\"@graph\":[{\"@type\":\"WebPage\",\"@id\":\"https:\\\/\\\/www.decorationhalloween.be\\\/nl\\\/neem-contact-op-met\\\/\",\"url\":\"https:\\\/\\\/www.decorationhalloween.be\\\/nl\\\/neem-contact-op-met\\\/\",\"name\":\"Neem contact op met - D\u00e9coration Halloween\",\"isPartOf\":{\"@id\":\"https:\\\/\\\/www.decorationhalloween.be\\\/nl\\\/#website\"},\"datePublished\":\"2022-09-26T12:45:25+00:00\",\"dateModified\":\"2025-07-23T07:48:02+00:00\",\"breadcrumb\":{\"@id\":\"https:\\\/\\\/www.decorationhalloween.be\\\/nl\\\/neem-contact-op-met\\\/#breadcrumb\"},\"inLanguage\":\"nl-be\",\"potentialAction\":[{\"@type\":\"ReadAction\",\"target\":[\"https:\\\/\\\/www.decorationhalloween.be\\\/nl\\\/neem-contact-op-met\\\/\"]}]},{\"@type\":\"BreadcrumbList\",\"@id\":\"https:\\\/\\\/www.decorationhalloween.be\\\/nl\\\/neem-contact-op-met\\\/#breadcrumb\",\"itemListElement\":[{\"@type\":\"ListItem\",\"position\":1,\"name\":\"Accueil\",\"item\":\"https:\\\/\\\/www.decorationhalloween.be\\\/nl\\\/home\\\/\"},{\"@type\":\"ListItem\",\"position\":2,\"name\":\"Neem contact op met\"}]},{\"@type\":\"WebSite\",\"@id\":\"https:\\\/\\\/www.decorationhalloween.be\\\/nl\\\/#website\",\"url\":\"https:\\\/\\\/www.decorationhalloween.be\\\/nl\\\/\",\"name\":\"D\u00e9coration Halloween\",\"description\":\"Effrayez vous voisins gr\u00e2ces \u00e0 nos conseils d\u00e9co pour Halloween !\",\"publisher\":{\"@id\":\"https:\\\/\\\/www.decorationhalloween.be\\\/nl\\\/#organization\"},\"potentialAction\":[{\"@type\":\"SearchAction\",\"target\":{\"@type\":\"EntryPoint\",\"urlTemplate\":\"https:\\\/\\\/www.decorationhalloween.be\\\/nl\\\/?s={search_term_string}\"},\"query-input\":{\"@type\":\"PropertyValueSpecification\",\"valueRequired\":true,\"valueName\":\"search_term_string\"}}],\"inLanguage\":\"nl-be\"},{\"@type\":\"Organization\",\"@id\":\"https:\\\/\\\/www.decorationhalloween.be\\\/nl\\\/#organization\",\"name\":\"D\u00e9coration Halloween\",\"url\":\"https:\\\/\\\/www.decorationhalloween.be\\\/nl\\\/\",\"logo\":{\"@type\":\"ImageObject\",\"inLanguage\":\"nl-be\",\"@id\":\"https:\\\/\\\/www.decorationhalloween.be\\\/nl\\\/#\\\/schema\\\/logo\\\/image\\\/\",\"url\":\"https:\\\/\\\/www.decorationhalloween.be\\\/wp-content\\\/uploads\\\/2022\\\/09\\\/spices.webp\",\"contentUrl\":\"https:\\\/\\\/www.decorationhalloween.be\\\/wp-content\\\/uploads\\\/2022\\\/09\\\/spices.webp\",\"width\":1600,\"height\":1067,\"caption\":\"D\u00e9coration Halloween\"},\"image\":{\"@id\":\"https:\\\/\\\/www.decorationhalloween.be\\\/nl\\\/#\\\/schema\\\/logo\\\/image\\\/\"}}]}<\/script>\n<!-- \/ Yoast SEO plugin. -->","yoast_head_json":{"title":"Neem contact op met - D\u00e9coration Halloween","robots":{"index":"index","follow":"follow","max-snippet":"max-snippet:-1","max-image-preview":"max-image-preview:large","max-video-preview":"max-video-preview:-1"},"canonical":"https:\/\/www.decorationhalloween.be\/nl\/neem-contact-op-met\/","og_locale":"nl_NL","og_type":"article","og_title":"Neem contact op met - D\u00e9coration Halloween","og_description":"Neem contact op metStuur ons een bericht","og_url":"https:\/\/www.decorationhalloween.be\/nl\/neem-contact-op-met\/","og_site_name":"D\u00e9coration Halloween","article_modified_time":"2025-07-23T07:48:02+00:00","twitter_card":"summary_large_image","twitter_misc":{"Est. reading time":"4 minutes"},"schema":{"@context":"https:\/\/schema.org","@graph":[{"@type":"WebPage","@id":"https:\/\/www.decorationhalloween.be\/nl\/neem-contact-op-met\/","url":"https:\/\/www.decorationhalloween.be\/nl\/neem-contact-op-met\/","name":"Neem contact op met - D\u00e9coration Halloween","isPartOf":{"@id":"https:\/\/www.decorationhalloween.be\/nl\/#website"},"datePublished":"2022-09-26T12:45:25+00:00","dateModified":"2025-07-23T07:48:02+00:00","breadcrumb":{"@id":"https:\/\/www.decorationhalloween.be\/nl\/neem-contact-op-met\/#breadcrumb"},"inLanguage":"nl-be","potentialAction":[{"@type":"ReadAction","target":["https:\/\/www.decorationhalloween.be\/nl\/neem-contact-op-met\/"]}]},{"@type":"BreadcrumbList","@id":"https:\/\/www.decorationhalloween.be\/nl\/neem-contact-op-met\/#breadcrumb","itemListElement":[{"@type":"ListItem","position":1,"name":"Accueil","item":"https:\/\/www.decorationhalloween.be\/nl\/home\/"},{"@type":"ListItem","position":2,"name":"Neem contact op met"}]},{"@type":"WebSite","@id":"https:\/\/www.decorationhalloween.be\/nl\/#website","url":"https:\/\/www.decorationhalloween.be\/nl\/","name":"D\u00e9coration Halloween","description":"Effrayez vous voisins gr\u00e2ces \u00e0 nos conseils d\u00e9co pour Halloween !","publisher":{"@id":"https:\/\/www.decorationhalloween.be\/nl\/#organization"},"potentialAction":[{"@type":"SearchAction","target":{"@type":"EntryPoint","urlTemplate":"https:\/\/www.decorationhalloween.be\/nl\/?s={search_term_string}"},"query-input":{"@type":"PropertyValueSpecification","valueRequired":true,"valueName":"search_term_string"}}],"inLanguage":"nl-be"},{"@type":"Organization","@id":"https:\/\/www.decorationhalloween.be\/nl\/#organization","name":"D\u00e9coration Halloween","url":"https:\/\/www.decorationhalloween.be\/nl\/","logo":{"@type":"ImageObject","inLanguage":"nl-be","@id":"https:\/\/www.decorationhalloween.be\/nl\/#\/schema\/logo\/image\/","url":"https:\/\/www.decorationhalloween.be\/wp-content\/uploads\/2022\/09\/spices.webp","contentUrl":"https:\/\/www.decorationhalloween.be\/wp-content\/uploads\/2022\/09\/spices.webp","width":1600,"height":1067,"caption":"D\u00e9coration Halloween"},"image":{"@id":"https:\/\/www.decorationhalloween.be\/nl\/#\/schema\/logo\/image\/"}}]}},"jetpack_sharing_enabled":true,"_links":{"self":[{"href":"https:\/\/www.decorationhalloween.be\/nl\/wp-json\/wp\/v2\/pages\/1383","targetHints":{"allow":["GET"]}}],"collection":[{"href":"https:\/\/www.decorationhalloween.be\/nl\/wp-json\/wp\/v2\/pages"}],"about":[{"href":"https:\/\/www.decorationhalloween.be\/nl\/wp-json\/wp\/v2\/types\/page"}],"author":[{"embeddable":true,"href":"https:\/\/www.decorationhalloween.be\/nl\/wp-json\/wp\/v2\/users\/3"}],"replies":[{"embeddable":true,"href":"https:\/\/www.decorationhalloween.be\/nl\/wp-json\/wp\/v2\/comments?post=1383"}],"version-history":[{"count":2,"href":"https:\/\/www.decorationhalloween.be\/nl\/wp-json\/wp\/v2\/pages\/1383\/revisions"}],"predecessor-version":[{"id":1388,"href":"https:\/\/www.decorationhalloween.be\/nl\/wp-json\/wp\/v2\/pages\/1383\/revisions\/1388"}],"wp:attachment":[{"href":"https:\/\/www.decorationhalloween.be\/nl\/wp-json\/wp\/v2\/media?parent=1383"}],"curies":[{"name":"wp","href":"https:\/\/api.w.org\/{rel}","templated":true}]}}