{"id":1425,"date":"2022-09-28T13:49:52","date_gmt":"2022-09-28T11:49:52","guid":{"rendered":"https:\/\/www.decorationhalloween.be\/juridische-informatie\/"},"modified":"2022-09-28T13:49:52","modified_gmt":"2022-09-28T11:49:52","slug":"juridische-informatie","status":"publish","type":"page","link":"https:\/\/www.decorationhalloween.be\/nl\/juridische-informatie\/","title":{"rendered":"Juridische informatie"},"content":{"rendered":"<h2>WIE ZIJN WE<\/h2>\n<p><strong>willywaller.com<\/strong><\/p>\n<p>Beheer website<\/p>\n<p>&nbsp;<\/p>\n<p><strong>Missie<\/strong><\/p>\n<p>Geluk brengen<\/p>\n<p>&nbsp;<\/p>\n<p><strong>Neem contact op met<\/strong><\/p>\n<p>benny@willywaller.com<\/p>\n<p>&nbsp;<\/p>\n<p>willywaller.com verbindt zich ertoe de geldende wetgeving in Belgi\u00eb en Europa na te leven en stelt alles in het werk om elk ongeoorloofd of onrechtmatig gebruik van uw persoonsgegevens te voorkomen. Hiertoe maken wij gebruik van passende procedures en systemen om ervoor te zorgen dat alleen bevoegde personen toegang hebben tot uw gegevens. We willen u er ook aan herinneren dat deze personen bij de uitoefening van hun functie gebonden zijn door een geheimhoudingsplicht.  <\/p>\n","protected":false},"excerpt":{"rendered":"<p>WIE ZIJN WE willywaller.com Beheer website &nbsp; Missie Geluk brengen &nbsp; Neem contact op met benny@willywaller.com &nbsp; willywaller.com verbindt zich ertoe de geldende wetgeving in Belgi\u00eb en Europa na te leven en stelt alles in het werk om elk ongeoorloofd of onrechtmatig gebruik van uw persoonsgegevens te voorkomen. Hiertoe maken wij gebruik van passende procedures [&hellip;]<\/p>\n","protected":false},"author":3,"featured_media":0,"parent":0,"menu_order":100,"comment_status":"closed","ping_status":"closed","template":"","meta":{"_et_pb_use_builder":"","_et_pb_old_content":"","_et_gb_content_width":"","footnotes":""},"class_list":["post-1425","page","type-page","status-publish","hentry"],"yoast_head":"<!-- This site is optimized with the Yoast SEO plugin v27.4 - https:\/\/yoast.com\/product\/yoast-seo-wordpress\/ -->\n<title>Juridische informatie - D\u00e9coration Halloween<\/title>\n<meta name=\"robots\" content=\"index, follow, max-snippet:-1, max-image-preview:large, max-video-preview:-1\" \/>\n<link rel=\"canonical\" href=\"https:\/\/www.decorationhalloween.be\/nl\/juridische-informatie\/\" \/>\n<meta property=\"og:locale\" content=\"nl_NL\" \/>\n<meta property=\"og:type\" content=\"article\" \/>\n<meta property=\"og:title\" content=\"Juridische informatie - D\u00e9coration Halloween\" \/>\n<meta property=\"og:description\" content=\"WIE ZIJN WE willywaller.com Beheer website &nbsp; Missie Geluk brengen &nbsp; Neem contact op met benny@willywaller.com &nbsp; willywaller.com verbindt zich ertoe de geldende wetgeving in Belgi\u00eb en Europa na te leven en stelt alles in het werk om elk ongeoorloofd of onrechtmatig gebruik van uw persoonsgegevens te voorkomen. Hiertoe maken wij gebruik van passende procedures [&hellip;]\" \/>\n<meta property=\"og:url\" content=\"https:\/\/www.decorationhalloween.be\/nl\/juridische-informatie\/\" \/>\n<meta property=\"og:site_name\" content=\"D\u00e9coration Halloween\" \/>\n<meta name=\"twitter:card\" content=\"summary_large_image\" \/>\n<script type=\"application\/ld+json\" class=\"yoast-schema-graph\">{\"@context\":\"https:\\\/\\\/schema.org\",\"@graph\":[{\"@type\":\"WebPage\",\"@id\":\"https:\\\/\\\/www.decorationhalloween.be\\\/nl\\\/juridische-informatie\\\/\",\"url\":\"https:\\\/\\\/www.decorationhalloween.be\\\/nl\\\/juridische-informatie\\\/\",\"name\":\"Juridische informatie - D\u00e9coration Halloween\",\"isPartOf\":{\"@id\":\"https:\\\/\\\/www.decorationhalloween.be\\\/nl\\\/#website\"},\"datePublished\":\"2022-09-28T11:49:52+00:00\",\"breadcrumb\":{\"@id\":\"https:\\\/\\\/www.decorationhalloween.be\\\/nl\\\/juridische-informatie\\\/#breadcrumb\"},\"inLanguage\":\"nl-be\",\"potentialAction\":[{\"@type\":\"ReadAction\",\"target\":[\"https:\\\/\\\/www.decorationhalloween.be\\\/nl\\\/juridische-informatie\\\/\"]}]},{\"@type\":\"BreadcrumbList\",\"@id\":\"https:\\\/\\\/www.decorationhalloween.be\\\/nl\\\/juridische-informatie\\\/#breadcrumb\",\"itemListElement\":[{\"@type\":\"ListItem\",\"position\":1,\"name\":\"Accueil\",\"item\":\"https:\\\/\\\/www.decorationhalloween.be\\\/nl\\\/home\\\/\"},{\"@type\":\"ListItem\",\"position\":2,\"name\":\"Juridische informatie\"}]},{\"@type\":\"WebSite\",\"@id\":\"https:\\\/\\\/www.decorationhalloween.be\\\/nl\\\/#website\",\"url\":\"https:\\\/\\\/www.decorationhalloween.be\\\/nl\\\/\",\"name\":\"D\u00e9coration Halloween\",\"description\":\"Effrayez vous voisins gr\u00e2ces \u00e0 nos conseils d\u00e9co pour Halloween !\",\"publisher\":{\"@id\":\"https:\\\/\\\/www.decorationhalloween.be\\\/nl\\\/#organization\"},\"potentialAction\":[{\"@type\":\"SearchAction\",\"target\":{\"@type\":\"EntryPoint\",\"urlTemplate\":\"https:\\\/\\\/www.decorationhalloween.be\\\/nl\\\/?s={search_term_string}\"},\"query-input\":{\"@type\":\"PropertyValueSpecification\",\"valueRequired\":true,\"valueName\":\"search_term_string\"}}],\"inLanguage\":\"nl-be\"},{\"@type\":\"Organization\",\"@id\":\"https:\\\/\\\/www.decorationhalloween.be\\\/nl\\\/#organization\",\"name\":\"D\u00e9coration Halloween\",\"url\":\"https:\\\/\\\/www.decorationhalloween.be\\\/nl\\\/\",\"logo\":{\"@type\":\"ImageObject\",\"inLanguage\":\"nl-be\",\"@id\":\"https:\\\/\\\/www.decorationhalloween.be\\\/nl\\\/#\\\/schema\\\/logo\\\/image\\\/\",\"url\":\"https:\\\/\\\/www.decorationhalloween.be\\\/wp-content\\\/uploads\\\/2022\\\/09\\\/spices.webp\",\"contentUrl\":\"https:\\\/\\\/www.decorationhalloween.be\\\/wp-content\\\/uploads\\\/2022\\\/09\\\/spices.webp\",\"width\":1600,\"height\":1067,\"caption\":\"D\u00e9coration Halloween\"},\"image\":{\"@id\":\"https:\\\/\\\/www.decorationhalloween.be\\\/nl\\\/#\\\/schema\\\/logo\\\/image\\\/\"}}]}<\/script>\n<!-- \/ Yoast SEO plugin. -->","yoast_head_json":{"title":"Juridische informatie - D\u00e9coration Halloween","robots":{"index":"index","follow":"follow","max-snippet":"max-snippet:-1","max-image-preview":"max-image-preview:large","max-video-preview":"max-video-preview:-1"},"canonical":"https:\/\/www.decorationhalloween.be\/nl\/juridische-informatie\/","og_locale":"nl_NL","og_type":"article","og_title":"Juridische informatie - D\u00e9coration Halloween","og_description":"WIE ZIJN WE willywaller.com Beheer website &nbsp; Missie Geluk brengen &nbsp; Neem contact op met benny@willywaller.com &nbsp; willywaller.com verbindt zich ertoe de geldende wetgeving in Belgi\u00eb en Europa na te leven en stelt alles in het werk om elk ongeoorloofd of onrechtmatig gebruik van uw persoonsgegevens te voorkomen. Hiertoe maken wij gebruik van passende procedures [&hellip;]","og_url":"https:\/\/www.decorationhalloween.be\/nl\/juridische-informatie\/","og_site_name":"D\u00e9coration Halloween","twitter_card":"summary_large_image","schema":{"@context":"https:\/\/schema.org","@graph":[{"@type":"WebPage","@id":"https:\/\/www.decorationhalloween.be\/nl\/juridische-informatie\/","url":"https:\/\/www.decorationhalloween.be\/nl\/juridische-informatie\/","name":"Juridische informatie - D\u00e9coration Halloween","isPartOf":{"@id":"https:\/\/www.decorationhalloween.be\/nl\/#website"},"datePublished":"2022-09-28T11:49:52+00:00","breadcrumb":{"@id":"https:\/\/www.decorationhalloween.be\/nl\/juridische-informatie\/#breadcrumb"},"inLanguage":"nl-be","potentialAction":[{"@type":"ReadAction","target":["https:\/\/www.decorationhalloween.be\/nl\/juridische-informatie\/"]}]},{"@type":"BreadcrumbList","@id":"https:\/\/www.decorationhalloween.be\/nl\/juridische-informatie\/#breadcrumb","itemListElement":[{"@type":"ListItem","position":1,"name":"Accueil","item":"https:\/\/www.decorationhalloween.be\/nl\/home\/"},{"@type":"ListItem","position":2,"name":"Juridische informatie"}]},{"@type":"WebSite","@id":"https:\/\/www.decorationhalloween.be\/nl\/#website","url":"https:\/\/www.decorationhalloween.be\/nl\/","name":"D\u00e9coration Halloween","description":"Effrayez vous voisins gr\u00e2ces \u00e0 nos conseils d\u00e9co pour Halloween !","publisher":{"@id":"https:\/\/www.decorationhalloween.be\/nl\/#organization"},"potentialAction":[{"@type":"SearchAction","target":{"@type":"EntryPoint","urlTemplate":"https:\/\/www.decorationhalloween.be\/nl\/?s={search_term_string}"},"query-input":{"@type":"PropertyValueSpecification","valueRequired":true,"valueName":"search_term_string"}}],"inLanguage":"nl-be"},{"@type":"Organization","@id":"https:\/\/www.decorationhalloween.be\/nl\/#organization","name":"D\u00e9coration Halloween","url":"https:\/\/www.decorationhalloween.be\/nl\/","logo":{"@type":"ImageObject","inLanguage":"nl-be","@id":"https:\/\/www.decorationhalloween.be\/nl\/#\/schema\/logo\/image\/","url":"https:\/\/www.decorationhalloween.be\/wp-content\/uploads\/2022\/09\/spices.webp","contentUrl":"https:\/\/www.decorationhalloween.be\/wp-content\/uploads\/2022\/09\/spices.webp","width":1600,"height":1067,"caption":"D\u00e9coration Halloween"},"image":{"@id":"https:\/\/www.decorationhalloween.be\/nl\/#\/schema\/logo\/image\/"}}]}},"jetpack_sharing_enabled":true,"_links":{"self":[{"href":"https:\/\/www.decorationhalloween.be\/nl\/wp-json\/wp\/v2\/pages\/1425","targetHints":{"allow":["GET"]}}],"collection":[{"href":"https:\/\/www.decorationhalloween.be\/nl\/wp-json\/wp\/v2\/pages"}],"about":[{"href":"https:\/\/www.decorationhalloween.be\/nl\/wp-json\/wp\/v2\/types\/page"}],"author":[{"embeddable":true,"href":"https:\/\/www.decorationhalloween.be\/nl\/wp-json\/wp\/v2\/users\/3"}],"replies":[{"embeddable":true,"href":"https:\/\/www.decorationhalloween.be\/nl\/wp-json\/wp\/v2\/comments?post=1425"}],"version-history":[{"count":0,"href":"https:\/\/www.decorationhalloween.be\/nl\/wp-json\/wp\/v2\/pages\/1425\/revisions"}],"wp:attachment":[{"href":"https:\/\/www.decorationhalloween.be\/nl\/wp-json\/wp\/v2\/media?parent=1425"}],"curies":[{"name":"wp","href":"https:\/\/api.w.org\/{rel}","templated":true}]}}